{"id":2344,"date":"2023-06-11T11:38:28","date_gmt":"2023-06-11T11:38:28","guid":{"rendered":"https:\/\/reformasfabregas.es\/prix\/"},"modified":"2023-06-11T17:56:34","modified_gmt":"2023-06-11T17:56:34","slug":"prix","status":"publish","type":"page","link":"https:\/\/reformasfabregas.es\/fr\/prix\/","title":{"rendered":"Prix"},"content":{"rendered":"\t\t<div data-elementor-type=\"wp-page\" data-elementor-id=\"2344\" class=\"elementor elementor-2344 elementor-1353\">\n\t\t\t\t\t\t<div class=\"elementor-inner\">\n\t\t\t\t<div class=\"elementor-section-wrap\">\n\t\t\t\t\t\t\t\t\t<section class=\"elementor-section elementor-top-section elementor-element elementor-element-8c19f7f elementor-section-boxed elementor-section-height-default elementor-section-height-default\" data-id=\"8c19f7f\" data-element_type=\"section\">\n\t\t\t\t\t\t<div class=\"elementor-container elementor-column-gap-default\">\n\t\t\t\t\t\t\t<div class=\"elementor-row\">\n\t\t\t\t\t<div class=\"elementor-column elementor-col-100 elementor-top-column elementor-element elementor-element-89a092a\" data-id=\"89a092a\" data-element_type=\"column\">\n\t\t\t<div class=\"elementor-column-wrap elementor-element-populated\">\n\t\t\t\t\t\t\t<div class=\"elementor-widget-wrap\">\n\t\t\t\t\t\t<div class=\"elementor-element elementor-element-9c07012 elementor-widget elementor-widget-heading\" data-id=\"9c07012\" data-element_type=\"widget\" data-widget_type=\"heading.default\">\n\t\t\t\t<div class=\"elementor-widget-container\">\n\t\t\t<h2 class=\"elementor-heading-title elementor-size-default\">Exemple de prix<\/h2>\t\t<\/div>\n\t\t\t\t<\/div>\n\t\t\t\t<div class=\"elementor-element elementor-element-d3a61cf elementor-widget elementor-widget-heading\" data-id=\"d3a61cf\" data-element_type=\"widget\" data-widget_type=\"heading.default\">\n\t\t\t\t<div class=\"elementor-widget-container\">\n\t\t\t<h2 class=\"elementor-heading-title elementor-size-default\">Voici un exemple de prix de r\u00e9novation ; pour un devis complet, veuillez nous contacter.<\/h2>\t\t<\/div>\n\t\t\t\t<\/div>\n\t\t\t\t<div class=\"elementor-element elementor-element-3e08bfd elementor-widget elementor-widget-accordion\" data-id=\"3e08bfd\" data-element_type=\"widget\" data-widget_type=\"accordion.default\">\n\t\t\t\t<div class=\"elementor-widget-container\">\n\t\t\t\t\t<div class=\"elementor-accordion\" role=\"tablist\">\n\t\t\t\t\t\t\t<div class=\"elementor-accordion-item\">\n\t\t\t\t\t<div id=\"elementor-tab-title-6501\" class=\"elementor-tab-title\" data-tab=\"1\" role=\"tab\" aria-controls=\"elementor-tab-content-6501\" aria-expanded=\"false\">\n\t\t\t\t\t\t\t\t\t\t\t\t\t<span class=\"elementor-accordion-icon elementor-accordion-icon-left\" aria-hidden=\"true\">\n\t\t\t\t\t\t\t\t\t\t\t\t\t\t\t<span class=\"elementor-accordion-icon-closed\"><i class=\"fas fa-plus\"><\/i><\/span>\n\t\t\t\t\t\t\t\t<span class=\"elementor-accordion-icon-opened\"><i class=\"fas fa-minus\"><\/i><\/span>\n\t\t\t\t\t\t\t\t\t\t\t\t\t\t<\/span>\n\t\t\t\t\t\t\t\t\t\t\t\t<a class=\"elementor-accordion-title\" href=\"\">Quel est le co\u00fbt de la r\u00e9novation d'une salle de bains \u00e0 Ibiza ?<\/a>\n\t\t\t\t\t<\/div>\n\t\t\t\t\t<div id=\"elementor-tab-content-6501\" class=\"elementor-tab-content elementor-clearfix\" data-tab=\"1\" role=\"tabpanel\" aria-labelledby=\"elementor-tab-title-6501\"><p>Une salle de bains de 20 m\u00e8tres carr\u00e9s, avec d\u00e9molition et remplacement complet de la robinetterie, des sanitaires et des cloisons, co\u00fbte 6750 euros, en fonction des dimensions.<\/p>\n<\/div>\n\t\t\t\t<\/div>\n\t\t\t\t\t\t\t<div class=\"elementor-accordion-item\">\n\t\t\t\t\t<div id=\"elementor-tab-title-6502\" class=\"elementor-tab-title\" data-tab=\"2\" role=\"tab\" aria-controls=\"elementor-tab-content-6502\" aria-expanded=\"false\">\n\t\t\t\t\t\t\t\t\t\t\t\t\t<span class=\"elementor-accordion-icon elementor-accordion-icon-left\" aria-hidden=\"true\">\n\t\t\t\t\t\t\t\t\t\t\t\t\t\t\t<span class=\"elementor-accordion-icon-closed\"><i class=\"fas fa-plus\"><\/i><\/span>\n\t\t\t\t\t\t\t\t<span class=\"elementor-accordion-icon-opened\"><i class=\"fas fa-minus\"><\/i><\/span>\n\t\t\t\t\t\t\t\t\t\t\t\t\t\t<\/span>\n\t\t\t\t\t\t\t\t\t\t\t\t<a class=\"elementor-accordion-title\" href=\"\">Combien co\u00fbte le carrelage d'une piscine carrel\u00e9e \u00e0 Ibiza ?<\/a>\n\t\t\t\t\t<\/div>\n\t\t\t\t\t<div id=\"elementor-tab-content-6502\" class=\"elementor-tab-content elementor-clearfix\" data-tab=\"2\" role=\"tabpanel\" aria-labelledby=\"elementor-tab-title-6502\"><p>L&rsquo;installation de gresite co\u00fbte 28 \u20ac par m\u00e8tre carr\u00e9.<\/p>\n<\/div>\n\t\t\t\t<\/div>\n\t\t\t\t\t\t\t\t<\/div>\n\t\t\t\t<\/div>\n\t\t\t\t<\/div>\n\t\t\t\t\t\t<\/div>\n\t\t\t\t\t<\/div>\n\t\t<\/div>\n\t\t\t\t\t\t\t\t<\/div>\n\t\t\t\t\t<\/div>\n\t\t<\/section>\n\t\t\t\t<section class=\"elementor-section elementor-top-section elementor-element elementor-element-8c787cd elementor-section-full_width elementor-section-height-full elementor-section-height-default elementor-section-items-middle\" data-id=\"8c787cd\" data-element_type=\"section\" data-settings=\"{&quot;background_background&quot;:&quot;classic&quot;}\">\n\t\t\t\t\t\t<div class=\"elementor-container elementor-column-gap-default\">\n\t\t\t\t\t\t\t<div class=\"elementor-row\">\n\t\t\t\t\t<div class=\"elementor-column elementor-col-100 elementor-top-column elementor-element elementor-element-5c8d360\" data-id=\"5c8d360\" data-element_type=\"column\" data-settings=\"{&quot;background_background&quot;:&quot;classic&quot;}\">\n\t\t\t<div class=\"elementor-column-wrap elementor-element-populated\">\n\t\t\t\t\t\t\t<div class=\"elementor-widget-wrap\">\n\t\t\t\t\t\t<div class=\"elementor-element elementor-element-e0ae366 elementor-widget elementor-widget-template\" data-id=\"e0ae366\" data-element_type=\"widget\" data-widget_type=\"template.default\">\n\t\t\t\t<div class=\"elementor-widget-container\">\n\t\t\t\t\t<div class=\"elementor-template\">\n\t\t\t\t\t<header data-elementor-type=\"section\" data-elementor-id=\"2260\" class=\"elementor elementor-2260 elementor-1036\">\n\t\t\t\t\t<div class=\"elementor-section-wrap\">\n\t\t\t\t\t\t\t\t<section class=\"elementor-section elementor-top-section elementor-element elementor-element-5daa31b5 elementor-section-full_width elementor-section-height-default elementor-section-height-default\" data-id=\"5daa31b5\" data-element_type=\"section\" data-settings=\"{&quot;background_background&quot;:&quot;classic&quot;}\">\n\t\t\t\t\t\t<div class=\"elementor-container elementor-column-gap-default\">\n\t\t\t\t\t\t\t<div class=\"elementor-row\">\n\t\t\t\t\t<div class=\"elementor-column elementor-col-100 elementor-top-column elementor-element elementor-element-d88e9db\" data-id=\"d88e9db\" data-element_type=\"column\" data-settings=\"{&quot;background_background&quot;:&quot;classic&quot;}\">\n\t\t\t<div class=\"elementor-column-wrap elementor-element-populated\">\n\t\t\t\t\t\t\t<div class=\"elementor-widget-wrap\">\n\t\t\t\t\t\t<div class=\"elementor-element elementor-element-6e2aa6de elementor-widget elementor-widget-heading\" data-id=\"6e2aa6de\" data-element_type=\"widget\" data-widget_type=\"heading.default\">\n\t\t\t\t<div class=\"elementor-widget-container\">\n\t\t\t<h2 class=\"elementor-heading-title elementor-size-default\">DEMANDER UN DEVIS<\/h2>\t\t<\/div>\n\t\t\t\t<\/div>\n\t\t\t\t<div class=\"elementor-element elementor-element-5c3a4c49 elementor-button-align-center animated-slow elementor-widget elementor-widget-form\" data-id=\"5c3a4c49\" data-element_type=\"widget\" data-settings=\"{&quot;step_next_label&quot;:&quot;Suivant&quot;,&quot;step_previous_label&quot;:&quot;Pr\\u00e9c\\u00e9dent&quot;,&quot;button_width_tablet&quot;:&quot;100&quot;,&quot;_animation&quot;:&quot;none&quot;,&quot;button_width&quot;:&quot;100&quot;,&quot;step_type&quot;:&quot;number_text&quot;,&quot;step_icon_shape&quot;:&quot;circle&quot;}\" data-widget_type=\"form.default\">\n\t\t\t\t<div class=\"elementor-widget-container\">\n\t\t\t\t\t<form class=\"elementor-form\" method=\"post\" name=\"Formulaire de contact\">\n\t\t\t<input type=\"hidden\" name=\"post_id\" value=\"2260\"\/>\n\t\t\t<input type=\"hidden\" name=\"form_id\" value=\"5c3a4c49\"\/>\n\t\t\t<input type=\"hidden\" name=\"referer_title\" value=\"Reformas Fabregas\" \/>\n\n\t\t\t\n\t\t\t<div class=\"elementor-form-fields-wrapper elementor-labels-\">\n\t\t\t\t\t\t\t\t<div class=\"elementor-field-type-text elementor-field-group elementor-column elementor-field-group-name elementor-col-33 elementor-md-33 elementor-field-required\">\n\t\t\t\t\t\t\t\t\t\t\t\t<label for=\"form-field-name\" class=\"elementor-field-label elementor-screen-only\">\n\t\t\t\t\t\t\t\tVotre nom\t\t\t\t\t\t\t<\/label>\n\t\t\t\t\t\t\t\t\t\t\t\t\t\t<input size=\"1\" type=\"text\" name=\"form_fields[name]\" id=\"form-field-name\" class=\"elementor-field elementor-size-xl  elementor-field-textual\" placeholder=\"Nom\" required=\"required\" aria-required=\"true\">\n\t\t\t\t\t\t\t\t\t\t\t<\/div>\n\t\t\t\t\t\t\t\t<div class=\"elementor-field-type-email elementor-field-group elementor-column elementor-field-group-email elementor-col-33 elementor-md-33 elementor-field-required\">\n\t\t\t\t\t\t\t\t\t\t\t\t<label for=\"form-field-email\" class=\"elementor-field-label elementor-screen-only\">\n\t\t\t\t\t\t\t\tVotre email\t\t\t\t\t\t\t<\/label>\n\t\t\t\t\t\t\t\t\t\t\t\t\t\t<input size=\"1\" type=\"email\" name=\"form_fields[email]\" id=\"form-field-email\" class=\"elementor-field elementor-size-xl  elementor-field-textual\" placeholder=\"Courriel :\" required=\"required\" aria-required=\"true\">\n\t\t\t\t\t\t\t\t\t\t\t<\/div>\n\t\t\t\t\t\t\t\t<div class=\"elementor-field-type-tel elementor-field-group elementor-column elementor-field-group-field_5057311 elementor-col-33 elementor-md-33 elementor-field-required\">\n\t\t\t\t\t\t\t\t\t\t\t\t<label for=\"form-field-field_5057311\" class=\"elementor-field-label elementor-screen-only\">\n\t\t\t\t\t\t\t\tNum\u00e9ro de t\u00e9l\u00e9phone\t\t\t\t\t\t\t<\/label>\n\t\t\t\t\t\t\t\t<input size=\"1\" type=\"tel\" name=\"form_fields[field_5057311]\" id=\"form-field-field_5057311\" class=\"elementor-field elementor-size-xl  elementor-field-textual\" placeholder=\"Num\u00e9ro de t\u00e9l\u00e9phone\" required=\"required\" aria-required=\"true\" pattern=\"[0-9()#&amp;+*-=.]+\" title=\"Seuls les caract\u00e8res de num\u00e9ros de t\u00e9l\u00e9phone (#, -, *, etc.) sont accept\u00e9s.\">\n\n\t\t\t\t\t\t<\/div>\n\t\t\t\t\t\t\t\t<div class=\"elementor-field-type-textarea elementor-field-group elementor-column elementor-field-group-field_71766c7 elementor-col-100 elementor-field-required\">\n\t\t\t\t\t\t\t\t\t\t\t\t<label for=\"form-field-field_71766c7\" class=\"elementor-field-label elementor-screen-only\">\n\t\t\t\t\t\t\t\tParlez-nous de votre projet !\t\t\t\t\t\t\t<\/label>\n\t\t\t\t\t\t<textarea class=\"elementor-field-textual elementor-field  elementor-size-xl\" name=\"form_fields[field_71766c7]\" id=\"form-field-field_71766c7\" rows=\"6\" placeholder=\"Parlez-nous de votre projet !\" required=\"required\" aria-required=\"true\"><\/textarea>\t\t\t\t<\/div>\n\t\t\t\t\t\t\t\t<div class=\"elementor-field-group elementor-column elementor-field-type-submit elementor-col-100 e-form__buttons elementor-md-100\">\n\t\t\t\t\t<button type=\"submit\" class=\"elementor-button elementor-size-md\">\n\t\t\t\t\t\t<span >\n\t\t\t\t\t\t\t\t\t\t\t\t\t\t\t<span class=\" elementor-button-icon\">\n\t\t\t\t\t\t\t\t\t\t\t\t\t\t\t\t\t\t\t\t\t\t\t\t\t\t<\/span>\n\t\t\t\t\t\t\t\t\t\t\t\t\t\t\t\t\t\t\t\t\t\t<span class=\"elementor-button-text\">Envoyer<\/span>\n\t\t\t\t\t\t\t\t\t\t\t\t\t<\/span>\n\t\t\t\t\t<\/button>\n\t\t\t\t<\/div>\n\t\t\t<\/div>\n\t\t<\/form>\n\t\t\t\t<\/div>\n\t\t\t\t<\/div>\n\t\t\t\t\t\t<\/div>\n\t\t\t\t\t<\/div>\n\t\t<\/div>\n\t\t\t\t\t\t\t\t<\/div>\n\t\t\t\t\t<\/div>\n\t\t<\/section>\n\t\t\t\t\t\t\t<\/div>\n\t\t\t\t<\/header>\n\t\t\t\t<\/div>\n\t\t\t\t<\/div>\n\t\t\t\t<\/div>\n\t\t\t\t\t\t<\/div>\n\t\t\t\t\t<\/div>\n\t\t<\/div>\n\t\t\t\t\t\t\t\t<\/div>\n\t\t\t\t\t<\/div>\n\t\t<\/section>\n\t\t\t\t\t\t\t\t\t<\/div>\n\t\t\t<\/div>\n\t\t\t\t\t<\/div>\n\t\t","protected":false},"excerpt":{"rendered":"<p>Exemple de prix Voici un exemple de prix de r\u00e9novation ; pour un devis complet, veuillez nous contacter. Quel est le co\u00fbt de la r\u00e9novation d&rsquo;une salle de bains \u00e0 Ibiza ? Une salle de bains de 20 m\u00e8tres carr\u00e9s, avec d\u00e9molition et remplacement complet de la robinetterie, des sanitaires et des cloisons, co\u00fbte 6750 [&hellip;]<\/p>\n","protected":false},"author":1,"featured_media":0,"parent":0,"menu_order":0,"comment_status":"closed","ping_status":"closed","template":"","meta":{"footnotes":""},"class_list":["post-2344","page","type-page","status-publish","hentry"],"yoast_head":"<!-- This site is optimized with the Yoast SEO plugin v20.8 - https:\/\/yoast.com\/wordpress\/plugins\/seo\/ -->\n<title>Prix - Reformas Fabregas<\/title>\n<meta name=\"robots\" content=\"index, follow, max-snippet:-1, max-image-preview:large, max-video-preview:-1\" \/>\n<link rel=\"canonical\" href=\"https:\/\/reformasfabregas.es\/fr\/prix\/\" \/>\n<meta property=\"og:locale\" content=\"fr_FR\" \/>\n<meta property=\"og:type\" content=\"article\" \/>\n<meta property=\"og:title\" content=\"Prix - Reformas Fabregas\" \/>\n<meta property=\"og:description\" content=\"Exemple de prix Voici un exemple de prix de r\u00e9novation ; pour un devis complet, veuillez nous contacter. Quel est le co\u00fbt de la r\u00e9novation d&rsquo;une salle de bains \u00e0 Ibiza ? Une salle de bains de 20 m\u00e8tres carr\u00e9s, avec d\u00e9molition et remplacement complet de la robinetterie, des sanitaires et des cloisons, co\u00fbte 6750 [&hellip;]\" \/>\n<meta property=\"og:url\" content=\"https:\/\/reformasfabregas.es\/fr\/prix\/\" \/>\n<meta property=\"og:site_name\" content=\"Reformas Fabregas\" \/>\n<meta property=\"article:modified_time\" content=\"2023-06-11T17:56:34+00:00\" \/>\n<meta property=\"og:image\" content=\"https:\/\/reformasfabregas.es\/wp-content\/uploads\/2023\/03\/LOGO-2-e1678703182507.png\" \/>\n\t<meta property=\"og:image:width\" content=\"2000\" \/>\n\t<meta property=\"og:image:height\" content=\"1574\" \/>\n\t<meta property=\"og:image:type\" content=\"image\/png\" \/>\n<meta name=\"twitter:card\" content=\"summary_large_image\" \/>\n<script type=\"application\/ld+json\" class=\"yoast-schema-graph\">{\"@context\":\"https:\/\/schema.org\",\"@graph\":[{\"@type\":\"WebPage\",\"@id\":\"https:\/\/reformasfabregas.es\/fr\/prix\/\",\"url\":\"https:\/\/reformasfabregas.es\/fr\/prix\/\",\"name\":\"Prix - Reformas Fabregas\",\"isPartOf\":{\"@id\":\"https:\/\/reformasfabregas.es\/fr\/#website\"},\"datePublished\":\"2023-06-11T11:38:28+00:00\",\"dateModified\":\"2023-06-11T17:56:34+00:00\",\"breadcrumb\":{\"@id\":\"https:\/\/reformasfabregas.es\/fr\/prix\/#breadcrumb\"},\"inLanguage\":\"fr-FR\",\"potentialAction\":[{\"@type\":\"ReadAction\",\"target\":[\"https:\/\/reformasfabregas.es\/fr\/prix\/\"]}]},{\"@type\":\"BreadcrumbList\",\"@id\":\"https:\/\/reformasfabregas.es\/fr\/prix\/#breadcrumb\",\"itemListElement\":[{\"@type\":\"ListItem\",\"position\":1,\"name\":\"Portada\",\"item\":\"https:\/\/reformasfabregas.es\/fr\/renovation-de-fabregas\/\"},{\"@type\":\"ListItem\",\"position\":2,\"name\":\"Prix\"}]},{\"@type\":\"WebSite\",\"@id\":\"https:\/\/reformasfabregas.es\/fr\/#website\",\"url\":\"https:\/\/reformasfabregas.es\/fr\/\",\"name\":\"Reformas Fabregas\",\"description\":\"Reformas y Construcci\u00f3n en Ibiza\",\"publisher\":{\"@id\":\"https:\/\/reformasfabregas.es\/fr\/#organization\"},\"potentialAction\":[{\"@type\":\"SearchAction\",\"target\":{\"@type\":\"EntryPoint\",\"urlTemplate\":\"https:\/\/reformasfabregas.es\/fr\/?s={search_term_string}\"},\"query-input\":\"required name=search_term_string\"}],\"inLanguage\":\"fr-FR\"},{\"@type\":\"Organization\",\"@id\":\"https:\/\/reformasfabregas.es\/fr\/#organization\",\"name\":\"Reformas Fabregas\",\"url\":\"https:\/\/reformasfabregas.es\/fr\/\",\"logo\":{\"@type\":\"ImageObject\",\"inLanguage\":\"fr-FR\",\"@id\":\"https:\/\/reformasfabregas.es\/fr\/#\/schema\/logo\/image\/\",\"url\":\"https:\/\/reformasfabregas.es\/wp-content\/uploads\/2021\/02\/logo3-e1681310634643.png\",\"contentUrl\":\"https:\/\/reformasfabregas.es\/wp-content\/uploads\/2021\/02\/logo3-e1681310634643.png\",\"width\":1920,\"height\":804,\"caption\":\"Reformas Fabregas\"},\"image\":{\"@id\":\"https:\/\/reformasfabregas.es\/fr\/#\/schema\/logo\/image\/\"}}]}<\/script>\n<!-- \/ Yoast SEO plugin. -->","yoast_head_json":{"title":"Prix - Reformas Fabregas","robots":{"index":"index","follow":"follow","max-snippet":"max-snippet:-1","max-image-preview":"max-image-preview:large","max-video-preview":"max-video-preview:-1"},"canonical":"https:\/\/reformasfabregas.es\/fr\/prix\/","og_locale":"fr_FR","og_type":"article","og_title":"Prix - Reformas Fabregas","og_description":"Exemple de prix Voici un exemple de prix de r\u00e9novation ; pour un devis complet, veuillez nous contacter. Quel est le co\u00fbt de la r\u00e9novation d&rsquo;une salle de bains \u00e0 Ibiza ? Une salle de bains de 20 m\u00e8tres carr\u00e9s, avec d\u00e9molition et remplacement complet de la robinetterie, des sanitaires et des cloisons, co\u00fbte 6750 [&hellip;]","og_url":"https:\/\/reformasfabregas.es\/fr\/prix\/","og_site_name":"Reformas Fabregas","article_modified_time":"2023-06-11T17:56:34+00:00","og_image":[{"width":2000,"height":1574,"url":"https:\/\/reformasfabregas.es\/wp-content\/uploads\/2023\/03\/LOGO-2-e1678703182507.png","type":"image\/png"}],"twitter_card":"summary_large_image","schema":{"@context":"https:\/\/schema.org","@graph":[{"@type":"WebPage","@id":"https:\/\/reformasfabregas.es\/fr\/prix\/","url":"https:\/\/reformasfabregas.es\/fr\/prix\/","name":"Prix - Reformas Fabregas","isPartOf":{"@id":"https:\/\/reformasfabregas.es\/fr\/#website"},"datePublished":"2023-06-11T11:38:28+00:00","dateModified":"2023-06-11T17:56:34+00:00","breadcrumb":{"@id":"https:\/\/reformasfabregas.es\/fr\/prix\/#breadcrumb"},"inLanguage":"fr-FR","potentialAction":[{"@type":"ReadAction","target":["https:\/\/reformasfabregas.es\/fr\/prix\/"]}]},{"@type":"BreadcrumbList","@id":"https:\/\/reformasfabregas.es\/fr\/prix\/#breadcrumb","itemListElement":[{"@type":"ListItem","position":1,"name":"Portada","item":"https:\/\/reformasfabregas.es\/fr\/renovation-de-fabregas\/"},{"@type":"ListItem","position":2,"name":"Prix"}]},{"@type":"WebSite","@id":"https:\/\/reformasfabregas.es\/fr\/#website","url":"https:\/\/reformasfabregas.es\/fr\/","name":"Reformas Fabregas","description":"Reformas y Construcci\u00f3n en Ibiza","publisher":{"@id":"https:\/\/reformasfabregas.es\/fr\/#organization"},"potentialAction":[{"@type":"SearchAction","target":{"@type":"EntryPoint","urlTemplate":"https:\/\/reformasfabregas.es\/fr\/?s={search_term_string}"},"query-input":"required name=search_term_string"}],"inLanguage":"fr-FR"},{"@type":"Organization","@id":"https:\/\/reformasfabregas.es\/fr\/#organization","name":"Reformas Fabregas","url":"https:\/\/reformasfabregas.es\/fr\/","logo":{"@type":"ImageObject","inLanguage":"fr-FR","@id":"https:\/\/reformasfabregas.es\/fr\/#\/schema\/logo\/image\/","url":"https:\/\/reformasfabregas.es\/wp-content\/uploads\/2021\/02\/logo3-e1681310634643.png","contentUrl":"https:\/\/reformasfabregas.es\/wp-content\/uploads\/2021\/02\/logo3-e1681310634643.png","width":1920,"height":804,"caption":"Reformas Fabregas"},"image":{"@id":"https:\/\/reformasfabregas.es\/fr\/#\/schema\/logo\/image\/"}}]}},"_links":{"self":[{"href":"https:\/\/reformasfabregas.es\/fr\/wp-json\/wp\/v2\/pages\/2344","targetHints":{"allow":["GET"]}}],"collection":[{"href":"https:\/\/reformasfabregas.es\/fr\/wp-json\/wp\/v2\/pages"}],"about":[{"href":"https:\/\/reformasfabregas.es\/fr\/wp-json\/wp\/v2\/types\/page"}],"author":[{"embeddable":true,"href":"https:\/\/reformasfabregas.es\/fr\/wp-json\/wp\/v2\/users\/1"}],"replies":[{"embeddable":true,"href":"https:\/\/reformasfabregas.es\/fr\/wp-json\/wp\/v2\/comments?post=2344"}],"version-history":[{"count":1,"href":"https:\/\/reformasfabregas.es\/fr\/wp-json\/wp\/v2\/pages\/2344\/revisions"}],"predecessor-version":[{"id":2345,"href":"https:\/\/reformasfabregas.es\/fr\/wp-json\/wp\/v2\/pages\/2344\/revisions\/2345"}],"wp:attachment":[{"href":"https:\/\/reformasfabregas.es\/fr\/wp-json\/wp\/v2\/media?parent=2344"}],"curies":[{"name":"wp","href":"https:\/\/api.w.org\/{rel}","templated":true}]}}